{"id":8229,"date":"2026-05-07T15:07:12","date_gmt":"2026-05-07T20:07:12","guid":{"rendered":"https:\/\/www.revistaaccb.org\/w\/?page_id=8229"},"modified":"2026-05-07T15:57:13","modified_gmt":"2026-05-07T20:57:13","slug":"formularios-de-evaluacion-por-pares","status":"publish","type":"page","link":"https:\/\/www.revistaaccb.org\/w\/formularios-de-evaluacion-por-pares\/","title":{"rendered":"formularios de evaluaci\u00f3n por pares"},"content":{"rendered":"<p>La revista dispone de formularios de evaluaci\u00f3n por pares estructurados conforme a los lineamientos editoriales y cient\u00edficos establecidos por el comit\u00e9 editorial. Dichos instrumentos contemplan criterios espec\u00edficos para la validaci\u00f3n acad\u00e9mica, metodol\u00f3gica, \u00e9tica y formal de los art\u00edculos sometidos a consideraci\u00f3n, garantizando procesos de arbitraje objetivos, transparentes y alineados con los est\u00e1ndares de calidad cient\u00edfica de la publicaci\u00f3n.<\/p>\n<p style=\"text-align: center;\"><strong>HOJA DE VIDA EVALUADORES<\/strong><\/p>\n<table style=\"height: 970px;\" width=\"651\">\n<tbody>\n<tr>\n<td width=\"598\"><strong>Nombre completo<\/strong><\/td>\n<\/tr>\n<tr>\n<td width=\"598\"><strong>N\u00famero y tipo de documento de identidad <\/strong><\/td>\n<\/tr>\n<tr>\n<td width=\"598\"><strong>Pa\u00eds de nacimiento<\/strong><\/td>\n<\/tr>\n<tr>\n<td width=\"598\"><strong>Nacionalidad<\/strong><\/td>\n<\/tr>\n<tr>\n<td width=\"598\"><strong>T\u00edtulo acad\u00e9mico de pregrado<\/strong><\/td>\n<\/tr>\n<tr>\n<td width=\"598\"><strong>Nivel de formaci\u00f3n m\u00e1s alto<\/strong><\/td>\n<\/tr>\n<tr>\n<td width=\"598\"><strong>Nombre de la instituci\u00f3n que otorga el \u00a0t\u00edtulo de posgrado<\/strong><\/td>\n<\/tr>\n<tr>\n<td width=\"598\"><strong>Afiliaci\u00f3n institucional <\/strong>(lugar de trabajo)<\/td>\n<\/tr>\n<tr>\n<td width=\"598\"><strong>Ciudad y pa\u00eds<\/strong><\/td>\n<\/tr>\n<tr>\n<td width=\"598\"><strong>E-mail<\/strong><\/td>\n<\/tr>\n<tr>\n<td width=\"598\"><strong>Tel\u00e9fono celular<\/strong><\/td>\n<\/tr>\n<tr>\n<td width=\"598\"><strong>C\u00f3digo ORCID y Google Scholar<\/strong><\/td>\n<\/tr>\n<tr>\n<td width=\"598\">\n<p style=\"text-align: left;\"><strong>Publicaciones <\/strong>(Referencias completas de art\u00edculos en revistas (\u00faltimos dos a\u00f1os)<\/p>\n<\/td>\n<\/tr>\n<\/tbody>\n<\/table>\n<h1><\/h1>\n<h1 style=\"text-align: center;\">GUIA DEL REVISOR<\/h1>\n<p><strong><em>COMIT\u00c9 EDITORIAL<\/em><\/strong><\/p>\n<p><strong>SECCI\u00d3N I<\/strong><\/p>\n<table width=\"613\">\n<tbody>\n<tr>\n<td width=\"200\"><strong>Nombre del evaluador<\/strong><\/td>\n<td width=\"413\"><\/td>\n<\/tr>\n<tr>\n<td width=\"200\"><strong>Instituci\u00f3n:<\/strong><\/td>\n<td width=\"413\"><\/td>\n<\/tr>\n<tr>\n<td width=\"200\"><strong>E-Mail:<\/strong><\/td>\n<td width=\"413\">\n<h2><\/h2>\n<\/td>\n<\/tr>\n<tr>\n<td width=\"200\"><strong>N\u00famero del manuscrito:<\/strong><\/td>\n<td width=\"413\"><\/td>\n<\/tr>\n<tr>\n<td width=\"200\"><strong>Titulo<\/strong><\/td>\n<td width=\"413\"><strong>\u00a0<\/strong><\/td>\n<\/tr>\n<tr>\n<td width=\"200\"><strong>Fecha de env\u00edo al evaluador<\/strong><\/td>\n<td width=\"413\"><\/td>\n<\/tr>\n<tr>\n<td width=\"200\"><strong>Fecha esperada de devoluci\u00f3n por el evaluador<\/strong><\/td>\n<td width=\"413\"><\/td>\n<\/tr>\n<\/tbody>\n<\/table>\n<p><strong><em>PARA EL EVALUADOR<\/em><\/strong><\/p>\n<p><strong>SECCI\u00d3N<\/strong><strong> II: por favor comente cada secci\u00f3n del art\u00edculo<\/strong><\/p>\n<table width=\"613\">\n<tbody>\n<tr>\n<td width=\"178\">\n<h2>Comentario general<\/h2>\n<\/td>\n<td width=\"434\"><\/td>\n<\/tr>\n<tr>\n<td width=\"178\">\n<h2>resumen y abstract<\/h2>\n<\/td>\n<td width=\"434\"><\/td>\n<\/tr>\n<tr>\n<td width=\"178\">Introducci\u00f3n<\/td>\n<td width=\"434\"><\/td>\n<\/tr>\n<tr>\n<td width=\"178\">Materiales y m\u00e9todos<\/td>\n<td width=\"434\"><\/td>\n<\/tr>\n<tr>\n<td width=\"178\">Resultados (deben estar separados de la discusi\u00f3n<\/td>\n<td width=\"434\"><\/td>\n<\/tr>\n<tr>\n<td width=\"178\">Discusi\u00f3n:<\/td>\n<td width=\"434\"><\/td>\n<\/tr>\n<\/tbody>\n<\/table>\n<p><strong>\u00a0<\/strong><strong>SECCI\u00d3N<\/strong><strong> II (Cont.)<\/strong><strong>\u00a0<\/strong><\/p>\n<table width=\"635\">\n<tbody>\n<tr>\n<td width=\"161\"><strong>Referencias:<\/strong><\/td>\n<td width=\"474\"><\/td>\n<\/tr>\n<tr>\n<td width=\"161\"><strong>Otros <\/strong><\/td>\n<td width=\"474\"><\/td>\n<\/tr>\n<\/tbody>\n<\/table>\n<p><strong>SECCI\u00d3N III \u2013 por favor use la siguiente escala para evaluar: <\/strong><strong><em>(4 = Excelente) (3 = bueno) (2 = regular) (1 = pobre). <\/em><\/strong><\/p>\n<table>\n<tbody>\n<tr>\n<td width=\"262\">Originalidad<\/td>\n<td width=\"104\"><strong>\u00a0<\/strong><\/td>\n<\/tr>\n<tr>\n<td width=\"262\">Contribuci\u00f3n al campo<\/td>\n<td width=\"104\"><strong>\u00a0<\/strong><\/td>\n<\/tr>\n<tr>\n<td width=\"262\">Calidad t\u00e9cnica<\/td>\n<td width=\"104\"><strong>\u00a0<\/strong><\/td>\n<\/tr>\n<tr>\n<td width=\"262\">Claridad de la presentaci\u00f3n<\/td>\n<td width=\"104\"><strong>\u00a0<\/strong><\/td>\n<\/tr>\n<tr>\n<td width=\"262\">Profundidad de la investigaci\u00f3n<\/td>\n<td width=\"104\"><strong>\u00a0<\/strong><\/td>\n<\/tr>\n<tr>\n<td width=\"262\">Suma Total<\/td>\n<td width=\"104\"><strong>\u00a0<\/strong><\/td>\n<\/tr>\n<\/tbody>\n<\/table>\n<p><strong>SECCI\u00d3N<\/strong><strong> IV &#8211; Recomendaci\u00f3n: (<em>Por favor marque con una X<\/em>)<\/strong><\/p>\n<table width=\"644\">\n<tbody>\n<tr>\n<td width=\"314\">Aceptado<\/td>\n<td width=\"330\"><\/td>\n<\/tr>\n<tr>\n<td width=\"314\">aceptado con correcciones menores<\/td>\n<td width=\"330\"><strong>\u00a0<\/strong><\/td>\n<\/tr>\n<tr>\n<td width=\"314\">aceptado con revisiones moderadas<\/td>\n<td width=\"330\"><strong>\u00a0<\/strong><\/td>\n<\/tr>\n<tr>\n<td width=\"314\">requiere de una revisi\u00f3n profunda antes de ser aceptado:<\/td>\n<td width=\"330\"><strong>\u00a0<\/strong><\/td>\n<\/tr>\n<tr>\n<td width=\"314\">Rechazado (por favor justifique su respuesta)<\/td>\n<td width=\"330\"><strong>\u00a0<\/strong><\/p>\n<p><strong>\u00a0<\/strong><\/p>\n<p><strong>\u00a0<\/strong><\/td>\n<\/tr>\n<\/tbody>\n<\/table>\n<h4><strong>SECCI\u00d3N<\/strong><strong> V: comentarios adicionales<\/strong><\/h4>\n<h4>Por favor adicione comentarios, sugerencias que no est\u00e9n contempladas en las secciones anteriores.<\/h4>\n<p>Tambi\u00e9n las puede hacer en el manuscrito que le fue enviado.<\/p>\n<h2 style=\"text-align: center;\"><a href=\"URL_DEL_PDF\" target=\"_blank\" rel=\"noopener\"><strong>Formatos para visualizar y descargar:<\/strong><\/a><\/h2>\n<p><a href=\"https:\/\/www.revistaaccb.org\/w\/REVISORES-CURRICULO-REV-ACCB.pdf\" target=\"_blank\" rel=\"noopener\"><br \/>\nVer Formato hoja de vida evaluadores PDF en pantalla completa<br \/>\n<\/a><\/p>\n<p><a href=\"https:\/\/www.revistaaccb.org\/w\/REVISORES-CURRICULO-REV-ACCB.pdf\">Descargar Formato hoja de vida evaluadores en PDF<br \/>\n<\/a><\/p>\n<p><iframe src=\"https:\/\/www.revistaaccb.org\/w\/REVISORES-CURRICULO-REV-ACCB.pdf\" width=\"100%\" height=\"900px\"><br \/>\n<\/iframe><\/p>\n<h2 style=\"text-align: center;\"><a href=\"URL_DEL_PDF\" target=\"_blank\" rel=\"noopener\"><strong>Formatos para visualizar y descargar:<\/strong><\/a><\/h2>\n<p><a href=\"https:\/\/www.revistaaccb.org\/w\/GU%C3%8DA-REVISOR-REV-ACCB.pdf\" target=\"_blank\" rel=\"noopener\"><br \/>\nVer Gu\u00eda del revisor PDF en pantalla completa<br \/>\n<\/a><\/p>\n<p><a href=\"https:\/\/www.revistaaccb.org\/w\/GU%C3%8DA-REVISOR-REV-ACCB.pdf\">Descargar Formato Gu\u00eda del evaluador en PDF<br \/>\n<\/a><\/p>\n<p><iframe src=\"https:\/\/www.revistaaccb.org\/w\/GU%C3%8DA-REVISOR-REV-ACCB.pdf\" width=\"100%\" height=\"900px\"><span style=\"display: inline-block; width: 0px; overflow: hidden; line-height: 0;\" data-mce-type=\"bookmark\" class=\"mce_SELRES_start\">\ufeff<\/span><span style=\"display: inline-block; width: 0px; overflow: hidden; line-height: 0;\" data-mce-type=\"bookmark\" class=\"mce_SELRES_start\">\ufeff<\/span><br \/>\n<\/iframe><\/p>\n","protected":false},"excerpt":{"rendered":"<p>La revista dispone de formularios de evaluaci\u00f3n por pares estructurados conforme a los lineamientos editoriales y cient\u00edficos establecidos por el comit\u00e9 editorial. Dichos instrumentos contemplan criterios espec\u00edficos para la validaci\u00f3n acad\u00e9mica, metodol\u00f3gica, \u00e9tica y formal de los art\u00edculos sometidos a consideraci\u00f3n, garantizando procesos de arbitraje objetivos, transparentes y alineados con los est\u00e1ndares de calidad cient\u00edfica &hellip; <a href=\"https:\/\/www.revistaaccb.org\/w\/formularios-de-evaluacion-por-pares\/\" class=\"more-link\">Continue reading <span class=\"screen-reader-text\">formularios de evaluaci\u00f3n por pares<\/span><\/a><\/p>\n","protected":false},"author":2,"featured_media":0,"parent":0,"menu_order":0,"comment_status":"closed","ping_status":"closed","template":"","meta":{"_joinchat":[],"footnotes":""},"class_list":["post-8229","page","type-page","status-publish","hentry"],"featured_image_src":null,"_links":{"self":[{"href":"https:\/\/www.revistaaccb.org\/w\/wp-json\/wp\/v2\/pages\/8229","targetHints":{"allow":["GET"]}}],"collection":[{"href":"https:\/\/www.revistaaccb.org\/w\/wp-json\/wp\/v2\/pages"}],"about":[{"href":"https:\/\/www.revistaaccb.org\/w\/wp-json\/wp\/v2\/types\/page"}],"author":[{"embeddable":true,"href":"https:\/\/www.revistaaccb.org\/w\/wp-json\/wp\/v2\/users\/2"}],"replies":[{"embeddable":true,"href":"https:\/\/www.revistaaccb.org\/w\/wp-json\/wp\/v2\/comments?post=8229"}],"version-history":[{"count":11,"href":"https:\/\/www.revistaaccb.org\/w\/wp-json\/wp\/v2\/pages\/8229\/revisions"}],"predecessor-version":[{"id":8243,"href":"https:\/\/www.revistaaccb.org\/w\/wp-json\/wp\/v2\/pages\/8229\/revisions\/8243"}],"wp:attachment":[{"href":"https:\/\/www.revistaaccb.org\/w\/wp-json\/wp\/v2\/media?parent=8229"}],"curies":[{"name":"wp","href":"https:\/\/api.w.org\/{rel}","templated":true}]}}