{"id":8223,"date":"2026-05-02T12:06:33","date_gmt":"2026-05-02T17:06:33","guid":{"rendered":"https:\/\/www.revistaaccb.org\/w\/?page_id=8223"},"modified":"2026-05-02T12:06:33","modified_gmt":"2026-05-02T17:06:33","slug":"declaracion-de-etica","status":"publish","type":"page","link":"https:\/\/www.revistaaccb.org\/w\/declaracion-de-etica\/","title":{"rendered":"Declaraci\u00f3n de \u00c9tica"},"content":{"rendered":"<p style=\"text-align: center;\"><strong>Declaraci\u00f3n de \u00c9tica de Publicaci\u00f3n y Malas Pr\u00e1cticas de la Revista<\/strong><\/p>\n<p>Nuestra revista est\u00e1 comprometida con garantizar los m\u00e1s altos est\u00e1ndares de integridad acad\u00e9mica y transparencia en todas las etapas del proceso editorial. Esta declaraci\u00f3n se basa en las mejores pr\u00e1cticas de <strong>Cambridge University Press<\/strong> y el <strong>C\u00f3digo de Conducta del COPE<\/strong>.<\/p>\n<ol>\n<li><strong> Responsabilidades del Equipo Editorial (Editor en Jefe y Editores Cient\u00edficos)<\/strong><\/li>\n<\/ol>\n<p>El monitoreo de la \u00e9tica de publicaci\u00f3n es un aspecto central del proceso editorial y de revisi\u00f3n por pares, y es responsabilidad directa del <strong>Editor en Jefe o el Editor Cient\u00edfico<\/strong> de la revista.<\/p>\n<ul>\n<li><strong>Decisi\u00f3n de publicaci\u00f3n:<\/strong> Los editores son responsables de decidir qu\u00e9 art\u00edculos enviados ser\u00e1n publicados, bas\u00e1ndose en la calidad acad\u00e9mica, originalidad y relevancia, sin discriminaci\u00f3n de raza, g\u00e9nero, orientaci\u00f3n sexual, creencia religiosa o ideolog\u00eda pol\u00edtica.<\/li>\n<li><strong>Confidencialidad:<\/strong> El equipo editorial no debe revelar informaci\u00f3n sobre un manuscrito enviado a nadie que no sea el autor correspondiente, revisores, revisores potenciales u otros asesores editoriales.<\/li>\n<li><strong>Integridad y Transparencia:<\/strong> Los editores deben seguir los lineamientos de COPE para manejar cualquier sospecha de mala conducta acad\u00e9mica o disputas de autor\u00eda.<\/li>\n<\/ul>\n<ol start=\"2\">\n<li><strong> Responsabilidades de los Autores<\/strong><\/li>\n<\/ol>\n<ul>\n<li><strong>Originalidad y Plagio:<\/strong> Los autores deben asegurar que sus trabajos son enteramente originales. Si se utiliza el trabajo o palabras de otros, estos deben ser citados adecuadamente. El plagio en todas sus formas constituye una conducta poco \u00e9tica e inaceptable.<\/li>\n<li><strong>Publicaci\u00f3n M\u00faltiple o Redundante:<\/strong> Los autores no deben publicar manuscritos que describan esencialmente la misma investigaci\u00f3n en m\u00e1s de una revista. El env\u00edo simult\u00e1neo de un manuscrito a m\u00e1s de una revista se considera un comportamiento poco \u00e9tico.<\/li>\n<li><strong>Autor\u00eda del Manuscrito:<\/strong> La autor\u00eda debe limitarse a aquellos que han realizado una contribuci\u00f3n significativa a la concepci\u00f3n, dise\u00f1o, ejecuci\u00f3n o interpretaci\u00f3n del estudio.<\/li>\n<li><strong>Conflictos de Inter\u00e9s:<\/strong> Todos los autores deben declarar cualquier conflicto de inter\u00e9s financiero o personal que pudiera influir en los resultados o interpretaci\u00f3n de su manuscrito.<\/li>\n<\/ul>\n<ol start=\"3\">\n<li><strong> Responsabilidades de los Revisores<\/strong><\/li>\n<\/ol>\n<ul>\n<li><strong>Contribuci\u00f3n a las Decisiones Editoriales:<\/strong> La revisi\u00f3n por pares ayuda al editor a tomar decisiones editoriales y, a trav\u00e9s de las comunicaciones con el autor, tambi\u00e9n puede ayudar a mejorar la calidad del manuscrito.<\/li>\n<li><strong>Confidencialidad y Objetividad:<\/strong> Cualquier manuscrito recibido para revisi\u00f3n debe ser tratado como un documento confidencial. Las revisiones deben realizarse de manera objetiva, con argumentos claros y constructivos, evitando cr\u00edticas personales.<\/li>\n<li><strong>Conflicto de Inter\u00e9s en la Revisi\u00f3n:<\/strong> Los revisores no deben evaluar manuscritos en los que tengan conflictos de inter\u00e9s resultantes de relaciones competitivas, colaborativas o de otro tipo con cualquiera de los autores o instituciones conectadas con los trabajos.<\/li>\n<\/ul>\n<ol start=\"4\">\n<li><strong> Procedimientos para el Manejo de Malas Pr\u00e1cticas<\/strong><\/li>\n<\/ol>\n<p>Siguiendo los est\u00e1ndares internacionales fortalecidos para la indexaci\u00f3n en bases de datos, la revista aplicar\u00e1 los siguientes protocolos ante sospechas de falta de \u00e9tica:<\/p>\n<ul>\n<li><strong>Identificaci\u00f3n de conductas inapropiadas:<\/strong> La mala conducta incluye, pero no se limita a, la fabricaci\u00f3n de datos, la manipulaci\u00f3n de im\u00e1genes, el plagio y la autor\u00eda ficticia.<\/li>\n<li><strong>Investigaci\u00f3n:<\/strong> El Editor en Jefe iniciar\u00e1 una investigaci\u00f3n siguiendo los flujogramas de <strong>COPE<\/strong>. Se dar\u00e1 a los autores la oportunidad de responder a cualquier queja o hallazgo.<\/li>\n<li><strong>Sanciones:<\/strong> En caso de confirmarse una mala pr\u00e1ctica, la revista podr\u00e1 emitir una correcci\u00f3n, una declaraci\u00f3n de preocupaci\u00f3n o, en casos graves, proceder a la <strong>retracci\u00f3n del art\u00edculo<\/strong> y la notificaci\u00f3n a las instituciones de los autores.<\/li>\n<\/ul>\n<ol start=\"5\">\n<li><strong> Compromiso de Mejora Continua<\/strong><\/li>\n<\/ol>\n<p>La revista se compromete a actualizar regularmente su PEMS para alinearse con los requisitos en constante fortalecimiento de las agencias de evaluaci\u00f3n y bases de datos internacionales. Se anima a todos los participantes del proceso editorial a consultar los recursos adicionales en el sitio oficial de Publication Ethics (COPE).<u>\u00a0 <\/u>\u00a0<a href=\"https:\/\/publicationethics.org\/guidance?f%5B0%5D=type%3A21\">https:\/\/publicationethics.org\/guidance?f%5B0%5D=type%3A21<\/a><\/p>\n","protected":false},"excerpt":{"rendered":"<p>Declaraci\u00f3n de \u00c9tica de Publicaci\u00f3n y Malas Pr\u00e1cticas de la Revista Nuestra revista est\u00e1 comprometida con garantizar los m\u00e1s altos est\u00e1ndares de integridad acad\u00e9mica y transparencia en todas las etapas del proceso editorial. Esta declaraci\u00f3n se basa en las mejores pr\u00e1cticas de Cambridge University Press y el C\u00f3digo de Conducta del COPE. Responsabilidades del Equipo &hellip; <a href=\"https:\/\/www.revistaaccb.org\/w\/declaracion-de-etica\/\" class=\"more-link\">Continue reading <span class=\"screen-reader-text\">Declaraci\u00f3n de \u00c9tica<\/span><\/a><\/p>\n","protected":false},"author":2,"featured_media":0,"parent":0,"menu_order":0,"comment_status":"closed","ping_status":"closed","template":"","meta":{"_joinchat":[],"footnotes":""},"class_list":["post-8223","page","type-page","status-publish","hentry"],"featured_image_src":null,"_links":{"self":[{"href":"https:\/\/www.revistaaccb.org\/w\/wp-json\/wp\/v2\/pages\/8223","targetHints":{"allow":["GET"]}}],"collection":[{"href":"https:\/\/www.revistaaccb.org\/w\/wp-json\/wp\/v2\/pages"}],"about":[{"href":"https:\/\/www.revistaaccb.org\/w\/wp-json\/wp\/v2\/types\/page"}],"author":[{"embeddable":true,"href":"https:\/\/www.revistaaccb.org\/w\/wp-json\/wp\/v2\/users\/2"}],"replies":[{"embeddable":true,"href":"https:\/\/www.revistaaccb.org\/w\/wp-json\/wp\/v2\/comments?post=8223"}],"version-history":[{"count":1,"href":"https:\/\/www.revistaaccb.org\/w\/wp-json\/wp\/v2\/pages\/8223\/revisions"}],"predecessor-version":[{"id":8224,"href":"https:\/\/www.revistaaccb.org\/w\/wp-json\/wp\/v2\/pages\/8223\/revisions\/8224"}],"wp:attachment":[{"href":"https:\/\/www.revistaaccb.org\/w\/wp-json\/wp\/v2\/media?parent=8223"}],"curies":[{"name":"wp","href":"https:\/\/api.w.org\/{rel}","templated":true}]}}