{"id":7546,"date":"2019-09-19T09:51:24","date_gmt":"2019-09-19T09:51:24","guid":{"rendered":"http:\/\/labtechco.themestek.com\/labtechco-datasite\/?page_id=7546"},"modified":"2026-05-07T15:14:54","modified_gmt":"2026-05-07T20:14:54","slug":"homepage-5","status":"publish","type":"page","link":"https:\/\/www.revistaaccb.org\/w\/","title":{"rendered":"Revista Asociaci\u00f3n Colombiana de Ciencias Biol\u00f3gicas"},"content":{"rendered":"<div class=\"wpb-content-wrapper\">[vc_row ts_bgcolor=\u00bbgrey\u00bb zindex=\u00bb2&#8243; full_width=\u00bbstretch_row\u00bb equal_height=\u00bbyes\u00bb css=\u00bb.vc_custom_1568807990668{padding-top: 0px !important;padding-bottom: 0px !important;}\u00bb ts_responsive_css=\u00bb48004560|colbreak_no|||||||||colbreak_yes|||||||||colbreak_no|-50||||0|||||colbreak_no|||||||||\u00bb][vc_column width=\u00bb1\/3&#8243; css=\u00bb.vc_custom_1566557866683{padding-top: 80px !important;}\u00bb]<div class=\"ts-element-heading-wrapper ts-heading-inner ts-element-align-left ts-seperator-none  vc_custom_1580086010903\"><section class=\"ts-vc_cta3-container\"><div class=\"ts-vc_general ts-vc_cta3 ts-cta3-only ts-vc_cta3-style-classic ts-vc_cta3-shape-rounded ts-vc_cta3-align-left ts-vc_cta3-color-transparent ts-vc_cta3-icon-size-md ts-vc_cta3-actions-no ts-cta3-without-desc\"><div class=\"ts-vc_cta3_content-container\"><div class=\"ts-vc_cta3-content\"><div class=\"ts-vc_cta3-content-header ts-wrap\"><div class=\"ts-vc_cta3-headers ts-wrap-cell\"><h2 class=\"ts-custom-heading \" >ACERCA DE LA REVISTA ACCB <strong>ENFOQUE Y ALCANCE<\/strong><\/h2>\n<\/div><\/div><\/div><\/div><\/div><\/section><\/div> <!-- .ts-element-heading-wrapper container --> <div class=\"themestek-progress-bar vc_progress_bar wpb_content_element vc_progress-bar-color-skincolor vc_progress-bar-color-skincolor\"><div class=\"ts-pbar-single-bar-w ts-pbar-icon-false\"><div class=\"vc_general vc_single_bar\"><small class=\"vc_label\">Asociaci\u00f3n Colombiana de Ciencias Biol\u00f3gicas<\/small><span class=\"vc_bar animated striped\" data-percentage-value=\"100\" data-value=\"100\"><\/span><\/div><\/div><\/div>[vc_single_image image=\u00bb7744&#8243; img_size=\u00bb\u00bb css_animation=\u00bbbounceInLeft\u00bb css=\u00bb.vc_custom_1580082024691{margin-bottom: 0px !important;}\u00bb][\/vc_column][vc_column ts_col_bg_expand=\u00bbright\u00bb width=\u00bb1\/3&#8243; css=\u00bb.vc_custom_1566557874282{padding-top: 90px !important;}\u00bb][vc_column_text]La <strong>Revista de la Asociaci\u00f3n Colombiana de Ciencias Biol\u00f3gicas (revista ACCB)<\/strong>, es una publicaci\u00f3n cient\u00edfica Internacional; publica art\u00edculos originales in\u00e9ditos, revisi\u00f3n de temas, estudios de casos y comunicaciones breves, en las \u00e1reas de las ciencias biol\u00f3gicas, con especial \u00e9nfasis en: biolog\u00eda animal, biolog\u00eda vegetal, ciencias ambientales y desarrollo sostenible, ciencias agropecuarias, ciencias biom\u00e9dicas, ciencias gen\u00f3micas y biotecnolog\u00eda, y ense\u00f1anza de las ciencias; adem\u00e1s de otros t\u00f3picos que a juicio del Comit\u00e9 Editorial sean de inter\u00e9s general.\u00a0Se edita ininterrumpidamente desde el a\u00f1o 1988 con una periodicidad anual.[\/vc_column_text][\/vc_column][vc_column width=\u00bb1\/3&#8243;][vc_row_inner ts_bgcolor=\u00bbskincolor\u00bb css=\u00bb.vc_custom_1566557673132{margin-top: -78px !important;padding-top: 15px !important;padding-bottom: 15px !important;}\u00bb el_class=\u00bbts-knowmore\u00bb ts_responsive_css=\u00bb17448162|colbreak_no|||||||||colbreak_no|0||||||||colbreak_no||||||||||colbreak_no|||||||||\u00bb][vc_column_inner width=\u00bb2\/3&#8243;]<h2 style=\"text-align:center;font-size:20px;line-height:24px;font-family:'Roboto Condensed',Arial,Helvetica;font-weight:400;\" class=\"ts-custom-heading vc_custom_1627771565007\" ><a href=\"https:\/\/play.google.com\/store\/apps\/details?id=com.luis.revistaaccb\" target=\"_blank\">DESCARGA LA APP DE LA REVISTA<\/a><\/h2>\n[\/vc_column_inner][vc_column_inner width=\u00bb1\/3&#8243;][vc_single_image image=\u00bb7811&#8243; img_size=\u00bb53X48&#8243; onclick=\u00bbcustom_link\u00bb css=\u00bb.vc_custom_1627771466582{margin-bottom: 0px !important;}\u00bb link=\u00bbhttps:\/\/play.google.com\/store\/apps\/details?id=com.luis.revistaaccb\u00bb el_class=\u00bblightboxvid\u00bb][\/vc_column_inner][\/vc_row_inner]<div class=\"ts-single-image-wrapper ts_align_left \"><div class=\"ts-single-image-img-w\"><img decoding=\"async\" src=\"https:\/\/www.revistaaccb.org\/w\/wp-content\/uploads\/2022\/01\/png-transparent-1.png\" class=\"ts-single-image-img\" alt=\"\" \/><\/div><\/div>[\/vc_column][\/vc_row][vc_row ts_bgcolor=\u00bbwhite\u00bb full_width=\u00bbstretch_row\u00bb][vc_column]<div class=\"themestek-boxes themestek-boxes-service themestek-boxes-view-carousel themestek-boxes-col-four themestek-boxes-sortable-no themestek-boxes-textalign-center themestek-boxes-sortablebutton- themestek-boxes-spacing-5px ts-boxes-carousel-arrows-hide ts-border-right-1px\" data-ts-speed=\"1500\" data-ts-autoplay=\"1\" data-ts-autoplayspeed=\"4500\" data-ts-loop=\"1\" data-ts-dots=\"1\" data-ts-nav=\"hide\" data-ts-centermode=\"0\" data-ts-pauseonfocus=\"1\" data-ts-pauseonhover=\"1\" data-ts-slidestoscroll=\"column\" data-ts-effecttype=\"slide\">\r\n\t\t<div class=\"themestek-boxes-inner themestek-boxes-service-inner \"><div class=\"themestek-box-heading-wrapper ts-element-align-center\"><div class=\"ts-element-heading-wrapper ts-heading-inner ts-element-align-center ts-seperator-none \"><section class=\"ts-vc_cta3-container\"><div class=\"ts-vc_general ts-vc_cta3 ts-cta3-only ts-vc_cta3-style-classic ts-vc_cta3-shape-rounded ts-vc_cta3-align-center ts-vc_cta3-color-transparent ts-vc_cta3-icon-size-md ts-vc_cta3-actions-no ts-cta3-without-desc\"><div class=\"ts-vc_cta3_content-container\"><div class=\"ts-vc_cta3-content\"><div class=\"ts-vc_cta3-content-header ts-wrap\"><div class=\"ts-vc_cta3-headers ts-wrap-cell\"><h2 class=\"ts-custom-heading \" >EXPLORA <strong>LAS REVISTAS DE LA ACCB<\/strong><\/h2>\n<\/div><\/div><\/div><\/div><\/div><\/section><\/div> <!-- .ts-element-heading-wrapper container --> <\/div> <!-- .ts-element-heading-wrapper container --> <\/div><!-- .themestek-boxes-inner -->   <\/div><!-- .themestek-boxes -->  [\/vc_column][\/vc_row][vc_row ts_bgcolor=\u00bbwhite\u00bb full_width=\u00bbstretch_row\u00bb equal_height=\u00bbyes\u00bb css=\u00bb.vc_custom_1566552946198{padding-top: 0px !important;padding-bottom: 0px !important;}\u00bb][vc_column ts_bgcolor=\u00bbdarkgrey\u00bb zindex=\u00bb2&#8243; width=\u00bb1\/2&#8243; css=\u00bb.vc_custom_1580089931301{margin-top: 70px !important;margin-bottom: 70px !important;padding-top: 40px !important;padding-right: 50px !important;padding-bottom: 40px !important;padding-left: 50px !important;}\u00bb offset=\u00bbvc_hidden-xs\u00bb]<div class=\"ts-element-heading-wrapper ts-heading-inner ts-element-align-left ts-seperator-none  vc_custom_1580084396516\"><section class=\"ts-vc_cta3-container\"><div class=\"ts-vc_general ts-vc_cta3 ts-cta3-only ts-vc_cta3-style-classic ts-vc_cta3-shape-rounded ts-vc_cta3-align-left ts-vc_cta3-color-transparent ts-vc_cta3-icon-size-md ts-vc_cta3-actions-no ts-cta3-without-desc\"><div class=\"ts-vc_cta3_content-container\"><div class=\"ts-vc_cta3-content\"><div class=\"ts-vc_cta3-content-header ts-wrap\"><div class=\"ts-vc_cta3-headers ts-wrap-cell\"><h2 class=\"ts-custom-heading \" >INFORMACI\u00d3N IMPORTANTE<br \/>\n<strong>PARA:<\/strong><\/h2>\n<\/div><\/div><\/div><\/div><\/div><\/section><\/div> <!-- .ts-element-heading-wrapper container --> [vc_tta_tabs style=\u00bbflat\u00bb shape=\u00bbsquare\u00bb color=\u00bbwhite\u00bb no_fill_content_area=\u00bb\u00bb active_section=\u00bb1&#8243; css_animation=\u00bbfadeIn\u00bb][vc_tta_section title=\u00bbLectores\/as\u00bb tab_id=\u00bb1566553318050-8ceb7e7e-f08f\u00bb][vc_column_text]Animamos a los lectores\/as a <a href=\"https:\/\/www.revistaaccb.org\/r\/index.php\/accb\/user\/register\">registrarse<\/a> en el servicio de notificaci\u00f3n de publicaciones de la revista. Como resultado del registro, el lector\/a recibir\u00e1 por correo electr\u00f3nico la Tabla de contenidos de cada n\u00famero de la revista. Esta lista tambi\u00e9n permite que se le atribuya a la revista un cierto nivel de apoyo o n\u00famero de lectores\/as. Consulte la <a href=\"https:\/\/www.revistaaccb.org\/w\/politica-privacidad\/\">Declaraci\u00f3n de Pol\u00edtica de Privacidad<\/a> de la revista, que garantiza a los lectores\/as que sus nombres y direcciones de correo electr\u00f3nico no se usar\u00e1n con otros fines.[\/vc_column_text][\/vc_tta_section][vc_tta_section title=\u00bbAutores\/as\u00bb tab_id=\u00bb1566553318089-fef376f8-b463&#8243;][vc_column_text]\u00bfEst\u00e1 interesado en publicar en la revista? Se recomienda revisar la p\u00e1gina <a href=\"\/r\/index.php\/accb\/about\">Acerca de la revista<\/a> para consultar las pol\u00edticas de secci\u00f3n de la revista, as\u00ed como las <a href=\"\/r\/index.php\/accb\/about\/submissions#authorGuidelines\">Directrices del autor\/a<\/a>. Los autores\/as deben <a href=\"https:\/\/revistaaccb.org\/r\/index.php\/accb\/user\/register\">registrarse<\/a> en la revista antes de publicar o, si ya est\u00e1n registrados, pueden simplemente <a href=\"https:\/\/revistaaccb.org\/r\/index.php\/accb\/login\">iniciar sesi\u00f3n<\/a> y comenzar el proceso de cinco pasos. M\u00e1s informaci\u00f3n en la <a href=\"https:\/\/www.revistaaccb.org\/r\/index.php\/accb\/information\/authors\">p\u00e1gina de autores de la Revista ACCB<\/a>.[\/vc_column_text][\/vc_tta_section][vc_tta_section title=\u00bbRevisores\/as\u00bb tab_id=\u00bb1566564590109-330cf68a-3397&#8243;][vc_column_text css=\u00bb\u00bb]Se recomienda a los pares evaluadores utilizar los <a href=\"https:\/\/www.revistaaccb.org\/w\/formularios-de-evaluacion-por-pares\">formularios de evaluaci\u00f3n<\/a> establecidos por la revista, los cuales contienen criterios cient\u00edficos, metodol\u00f3gicos, \u00e9ticos y editoriales definidos para la validaci\u00f3n de los art\u00edculos sometidos. Estos instrumentos contribuyen a garantizar procesos de arbitraje acad\u00e9mico objetivos, transparentes y acordes con los est\u00e1ndares de calidad cient\u00edfica de la publicaci\u00f3n.<\/p>\n<div id=\"simple-translate\" class=\"simple-translate-system-theme\">\n<div>\n<div class=\"simple-translate-button isShow\" style=\"background-image: url('moz-extension:\/\/5405b734-3331-4c17-9c5d-4d04d4a05de3\/icons\/512.png'); height: 22px; width: 22px; top: 33px; left: 556px;\"><\/div>\n<div class=\"simple-translate-panel \" style=\"width: 300px; height: 200px; top: 0px; left: 0px; font-size: 13px;\">\n<div class=\"simple-translate-result-wrapper\" style=\"overflow: hidden;\">\n<div class=\"simple-translate-move\" draggable=\"true\"><\/div>\n<div class=\"simple-translate-result-contents\">\n<p class=\"simple-translate-candidate\" dir=\"auto\">\n<\/div>\n<\/div>\n<\/div>\n<\/div>\n<\/div>\n[\/vc_column_text][\/vc_tta_section][\/vc_tta_tabs][\/vc_column][vc_column ts_col_bg_expand=\u00bbright\u00bb width=\u00bb1\/2&#8243; css=\u00bb.vc_custom_1568887399423{margin-left: -270px !important;background-image: url(https:\/\/www.revistaaccb.org\/w\/wp-content\/uploads\/2019\/09\/banner-4.jpg?id=7556) !important;background-position: center !important;background-repeat: no-repeat !important;background-size: cover !important;}\u00bb][\/vc_column][\/vc_row][vc_row full_width=\u00bbstretch_row\u00bb css=\u00bb.vc_custom_1580093961736{border-bottom-width: 1px !important;background-image: url(https:\/\/www.revistaaccb.org\/w\/wp-content\/uploads\/2020\/01\/mapa-revista-accb.jpg?id=7790) !important;background-position: 0 0 !important;background-repeat: no-repeat !important;border-bottom-color: #f1f1f1 !important;border-bottom-style: solid !important;}\u00bb][vc_column]<div class=\"ts-element-heading-wrapper ts-heading-inner ts-element-align-center ts-seperator-none \"><section class=\"ts-vc_cta3-container\"><div class=\"ts-vc_general ts-vc_cta3 ts-cta3-only ts-vc_cta3-style-classic ts-vc_cta3-shape-rounded ts-vc_cta3-align-center ts-vc_cta3-color-transparent ts-vc_cta3-icon-size-md ts-vc_cta3-actions-no ts-cta3-without-desc\"><div class=\"ts-vc_cta3_content-container\"><div class=\"ts-vc_cta3-content\"><div class=\"ts-vc_cta3-content-header ts-wrap\"><div class=\"ts-vc_cta3-headers ts-wrap-cell\"><h2 class=\"ts-custom-heading \" >DIVERSAS M\u00c9TRICAS ANUALES DE LA<br \/>\n<strong>REVISTA ACCB.<\/strong><\/h2>\n<\/div><\/div><\/div><\/div><\/div><\/section><\/div> <!-- .ts-element-heading-wrapper container --> [vc_row_inner el_class=\u00bbts-two-colum-view\u00bb][vc_column_inner width=\u00bb1\/4&#8243;]<div class=\"themestek-fid inside themestek-fid-boxstyle-without-icon ts-fidbox-style-4\">\r\n\t<div class=\"themestek-fld-contents\">\r\n\t\t<div class=\"themestek-ihbox-icon ts-large-icon\">\r\n\t\t\t<div class=\"ts-sbox-icon-wrapper\"><i class=\"ts-labtechco-business-icon ts-labtechco-business-icon-nuclear-1\"><\/i><\/div>\t\t\t\t\t<\/div>\r\n\t\t<div class=\"themestek-fld-contents-wrap\">\r\n\t\t\t<h3 class=\"ts-fid-inner\">\t\t\t\r\n\t\t\t\t<span\r\n\t\t\t\t\tdata-appear-animation = \"animateDigits\"\r\n\t\t\t\t\tdata-from             = \"0\"\r\n\t\t\t\t\tdata-to               = \"222000\"\r\n\t\t\t\t\tdata-interval         = \"5\"\r\n\t\t\t\t\t>\r\n\t\t\t\t\t\t222000\t\t\t\t<\/span>\r\n\t\t\t\t\t\t\t<\/h3>\r\n\t\t\t<h6 class=\"ts-fid-title\"><span>Visitas al sitio<br><\/span><\/h6>\r\n\t\t<\/div>\r\n\t<\/div><!-- .themestek-fld-contents -->\r\n<\/div>\r\n[\/vc_column_inner][vc_column_inner width=\u00bb1\/4&#8243;]<div class=\"themestek-fid inside themestek-fid-boxstyle-without-icon ts-fidbox-style-4\">\r\n\t<div class=\"themestek-fld-contents\">\r\n\t\t<div class=\"themestek-ihbox-icon ts-large-icon\">\r\n\t\t\t<div class=\"ts-sbox-icon-wrapper\"><i class=\"ts-labtechco-business-icon ts-labtechco-business-icon-scientist\"><\/i><\/div>\t\t\t\t\t<\/div>\r\n\t\t<div class=\"themestek-fld-contents-wrap\">\r\n\t\t\t<h3 class=\"ts-fid-inner\">\t\t\t\r\n\t\t\t\t<span\r\n\t\t\t\t\tdata-appear-animation = \"animateDigits\"\r\n\t\t\t\t\tdata-from             = \"0\"\r\n\t\t\t\t\tdata-to               = \"20000\"\r\n\t\t\t\t\tdata-interval         = \"5\"\r\n\t\t\t\t\t>\r\n\t\t\t\t\t\t20000\t\t\t\t<\/span>\r\n\t\t\t\t\t\t\t<\/h3>\r\n\t\t\t<h6 class=\"ts-fid-title\"><span>Descarga de Art\u00edculos<br><\/span><\/h6>\r\n\t\t<\/div>\r\n\t<\/div><!-- .themestek-fld-contents -->\r\n<\/div>\r\n[\/vc_column_inner][vc_column_inner width=\u00bb1\/4&#8243;]<div class=\"themestek-fid inside themestek-fid-boxstyle-without-icon ts-fidbox-style-4\">\r\n\t<div class=\"themestek-fld-contents\">\r\n\t\t<div class=\"themestek-ihbox-icon ts-large-icon\">\r\n\t\t\t<div class=\"ts-sbox-icon-wrapper\"><i class=\"ts-labtechco-business-icon ts-labtechco-business-icon-microscope-3\"><\/i><\/div>\t\t\t\t\t<\/div>\r\n\t\t<div class=\"themestek-fld-contents-wrap\">\r\n\t\t\t<h3 class=\"ts-fid-inner\">\t\t\t\r\n\t\t\t\t<span\r\n\t\t\t\t\tdata-appear-animation = \"animateDigits\"\r\n\t\t\t\t\tdata-from             = \"0\"\r\n\t\t\t\t\tdata-to               = \"900\"\r\n\t\t\t\t\tdata-interval         = \"5\"\r\n\t\t\t\t\t>\r\n\t\t\t\t\t\t900\t\t\t\t<\/span>\r\n\t\t\t\t\t\t\t<\/h3>\r\n\t\t\t<h6 class=\"ts-fid-title\"><span>Citaciones<br><\/span><\/h6>\r\n\t\t<\/div>\r\n\t<\/div><!-- .themestek-fld-contents -->\r\n<\/div>\r\n[\/vc_column_inner][vc_column_inner width=\u00bb1\/4&#8243;]<div class=\"themestek-fid inside themestek-fid-boxstyle-without-icon ts-fidbox-style-4\">\r\n\t<div class=\"themestek-fld-contents\">\r\n\t\t<div class=\"themestek-ihbox-icon ts-large-icon\">\r\n\t\t\t<div class=\"ts-sbox-icon-wrapper\"><i class=\"ts-labtechco-business-icon ts-labtechco-business-icon-atomic\"><\/i><\/div>\t\t\t\t\t<\/div>\r\n\t\t<div class=\"themestek-fld-contents-wrap\">\r\n\t\t\t<h3 class=\"ts-fid-inner\">\t\t\t\r\n\t\t\t\t<span\r\n\t\t\t\t\tdata-appear-animation = \"animateDigits\"\r\n\t\t\t\t\tdata-from             = \"0\"\r\n\t\t\t\t\tdata-to               = \"63\"\r\n\t\t\t\t\tdata-interval         = \"5\"\r\n\t\t\t\t\t>\r\n\t\t\t\t\t\t63\t\t\t\t<\/span>\r\n\t\t\t\t\t\t\t<\/h3>\r\n\t\t\t<h6 class=\"ts-fid-title\"><span>Visitas Pa\u00edses<br><\/span><\/h6>\r\n\t\t<\/div>\r\n\t<\/div><!-- .themestek-fld-contents -->\r\n<\/div>\r\n[\/vc_column_inner][\/vc_row_inner][\/vc_column][\/vc_row][vc_row full_width=\u00bbstretch_row\u00bb][vc_column][vc_row_inner][vc_column_inner width=\u00bb1\/2&#8243;]<div class=\"ts-element-heading-wrapper ts-heading-inner ts-element-align-left ts-seperator-none \"><section class=\"ts-vc_cta3-container\"><div class=\"ts-vc_general ts-vc_cta3 ts-cta3-only ts-vc_cta3-style-classic ts-vc_cta3-shape-rounded ts-vc_cta3-align-left ts-vc_cta3-color-transparent ts-vc_cta3-icon-size-md ts-vc_cta3-actions-no ts-cta3-without-desc\"><div class=\"ts-vc_cta3_content-container\"><div class=\"ts-vc_cta3-content\"><div class=\"ts-vc_cta3-content-header ts-wrap\"><div class=\"ts-vc_cta3-headers ts-wrap-cell\"><h2 class=\"ts-custom-heading \" >Blog de la <strong>REVISTA ACCB<\/strong><\/h2>\n<\/div><\/div><\/div><\/div><\/div><\/section><\/div> <!-- .ts-element-heading-wrapper container --> [\/vc_column_inner][vc_column_inner width=\u00bb1\/2&#8243;]\r\n\t\t<div class=\"ts-vc_btn3-container ts-vc_btn3-right\"><a class=\"ts-vc_general ts-vc_btn3 ts-vc_btn3-size-md ts-vc_btn3-shape-square ts-vc_btn3-style-flat ts-vc_btn3-weight-yes ts-vc_btn3-color-skincolor\" href=\"\/w\/blog-de-la-revista-accb\/\" title=\"Blog\">TODOS LOS ART\u00cdCULOS<\/a><\/div>[\/vc_column_inner][\/vc_row_inner]<div class=\"themestek-boxes themestek-boxes-blog themestek-boxes-view-default themestek-boxes-col-three themestek-boxes-sortable-no themestek-boxes-textalign-center themestek-boxes-sortablebutton-\">\r\n\t\t<div class=\"themestek-boxes-inner themestek-boxes-blog-inner \"><\/div><!-- .themestek-boxes-inner -->   <\/div><!-- .themestek-boxes -->  [\/vc_column][\/vc_row][vc_row][vc_column][vc_column_text css=\u00bb\u00bb]\n<p><!-- Google tag (gtag.js) --><br \/>\n<script async src=\"https:\/\/www.googletagmanager.com\/gtag\/js?id=G-KNRTL0VQMQ\"><\/script><br \/>\n<script>\n  window.dataLayer = window.dataLayer || [];\n  function gtag(){dataLayer.push(arguments);}\n  gtag('js', new Date());<\/p>\n<p>  gtag('config', 'G-KNRTL0VQMQ');\n<\/script><\/p>\n<p><!-- Contador de visitas --><center><img style=\"border: 0px solid; display: inline;\" \/><\/center><iframe src=\"https:\/\/www.revistaaccb.org\/contador.php\"><\/iframe>[\/vc_column_text][\/vc_column][\/vc_row]\n<\/div>","protected":false},"excerpt":{"rendered":"<p>[vc_row ts_bgcolor=\u00bbgrey\u00bb zindex=\u00bb2&#8243; full_width=\u00bbstretch_row\u00bb equal_height=\u00bbyes\u00bb css=\u00bb.vc_custom_1568807990668{padding-top: 0px !important;padding-bottom: 0px !important;}\u00bb ts_responsive_css=\u00bb48004560|colbreak_no|||||||||colbreak_yes|||||||||colbreak_no|-50||||0|||||colbreak_no|||||||||\u00bb][vc_column width=\u00bb1\/3&#8243; css=\u00bb.vc_custom_1566557866683{padding-top: 80px !important;}\u00bb][vc_single_image image=\u00bb7744&#8243; img_size=\u00bb\u00bb css_animation=\u00bbbounceInLeft\u00bb css=\u00bb.vc_custom_1580082024691{margin-bottom: 0px !important;}\u00bb][\/vc_column][vc_column ts_col_bg_expand=\u00bbright\u00bb width=\u00bb1\/3&#8243; css=\u00bb.vc_custom_1566557874282{padding-top: 90px !important;}\u00bb][vc_column_text]La Revista de la Asociaci\u00f3n Colombiana de Ciencias Biol\u00f3gicas (revista ACCB), es una publicaci\u00f3n cient\u00edfica Internacional; publica art\u00edculos originales in\u00e9ditos, revisi\u00f3n de temas, estudios de casos y comunicaciones breves, en &hellip; <a href=\"https:\/\/www.revistaaccb.org\/w\/\" class=\"more-link\">Continue reading <span class=\"screen-reader-text\">Revista Asociaci\u00f3n Colombiana de Ciencias Biol\u00f3gicas<\/span><\/a><\/p>\n","protected":false},"author":1,"featured_media":0,"parent":0,"menu_order":5,"comment_status":"closed","ping_status":"closed","template":"","meta":{"_joinchat":[],"footnotes":""},"class_list":["post-7546","page","type-page","status-publish","hentry"],"featured_image_src":null,"_links":{"self":[{"href":"https:\/\/www.revistaaccb.org\/w\/wp-json\/wp\/v2\/pages\/7546","targetHints":{"allow":["GET"]}}],"collection":[{"href":"https:\/\/www.revistaaccb.org\/w\/wp-json\/wp\/v2\/pages"}],"about":[{"href":"https:\/\/www.revistaaccb.org\/w\/wp-json\/wp\/v2\/types\/page"}],"author":[{"embeddable":true,"href":"https:\/\/www.revistaaccb.org\/w\/wp-json\/wp\/v2\/users\/1"}],"replies":[{"embeddable":true,"href":"https:\/\/www.revistaaccb.org\/w\/wp-json\/wp\/v2\/comments?post=7546"}],"version-history":[{"count":136,"href":"https:\/\/www.revistaaccb.org\/w\/wp-json\/wp\/v2\/pages\/7546\/revisions"}],"predecessor-version":[{"id":8233,"href":"https:\/\/www.revistaaccb.org\/w\/wp-json\/wp\/v2\/pages\/7546\/revisions\/8233"}],"wp:attachment":[{"href":"https:\/\/www.revistaaccb.org\/w\/wp-json\/wp\/v2\/media?parent=7546"}],"curies":[{"name":"wp","href":"https:\/\/api.w.org\/{rel}","templated":true}]}}