{"id":6691,"date":"2018-08-03T08:41:52","date_gmt":"2018-08-03T08:41:52","guid":{"rendered":"http:\/\/labtechco.themestek.com\/?page_id=6691"},"modified":"2020-01-21T02:10:55","modified_gmt":"2020-01-21T02:10:55","slug":"politicas","status":"publish","type":"page","link":"https:\/\/www.revistaaccb.org\/w\/politicas\/","title":{"rendered":"Pol\u00edticas"},"content":{"rendered":"<div class=\"wpb-content-wrapper\">[vc_row full_width=\u00bbstretch_row\u00bb][vc_column ts_col_bg_expand=\u00bbleft\u00bb]<div class=\"ts-element-heading-wrapper ts-heading-inner ts-element-align-left ts-seperator-none \"><section class=\"ts-vc_cta3-container\"><div class=\"ts-vc_general ts-vc_cta3 ts-cta3-only ts-vc_cta3-style-classic ts-vc_cta3-shape-rounded ts-vc_cta3-align-left ts-vc_cta3-color-transparent ts-vc_cta3-icon-size-md ts-vc_cta3-actions-no ts-cta3-without-desc\"><div class=\"ts-vc_cta3_content-container\"><div class=\"ts-vc_cta3-content\"><div class=\"ts-vc_cta3-content-header ts-wrap\"><div class=\"ts-vc_cta3-headers ts-wrap-cell\"><h4 class=\"ts-custom-heading \" >Sobre la revista - <strong>Pol\u00edticas<\/strong><\/h4>\n<h2 class=\"ts-custom-heading \" >Enfoque y Alcance<\/h2>\n<\/div><\/div><\/div><\/div><\/div><\/section><\/div> <!-- .ts-element-heading-wrapper container --> [vc_column_text]\n<div id=\"history\">\n<p>La <strong>Revista de la Asociaci\u00f3n Colombiana de Ciencias Biol\u00f3gicas (revista ACCB)<\/strong>, es una publicaci\u00f3n cient\u00edfica Internacional; publica art\u00edculos originales in\u00e9ditos, revisi\u00f3n de temas, estudios de casos y comunicaciones breves, en las \u00e1reas de las ciencias biol\u00f3gicas, con especial \u00e9nfasis en: biolog\u00eda animal, biolog\u00eda vegetal, ciencias ambientales y desarrollo sostenible, ciencias agropecuarias, ciencias biom\u00e9dicas, ciencias gen\u00f3micas y biotecnolog\u00eda, y ense\u00f1anza de las ciencias; adem\u00e1s de otros t\u00f3picos que a juicio del Comit\u00e9 Editorial sean de inter\u00e9s general.\u00a0Se edita ininterrumpidamente desde el a\u00f1o 1988 con una periodicidad anual.<\/p>\n<p>La <strong>Revista ACCB<\/strong> acepta y se acoge los lineamientos establecidos por el Committee on Publication Ethics (COPE) (<a href=\"http:\/\/publicationethics.org\/\">http:\/\/publicationethics.org\/<\/a>), el International Committee of Medical Journal Editors (ICMJE) (<a href=\"http:\/\/www.icmje.org\">www.icmje.org<\/a>), y por Equator Network (<a href=\"http:\/\/www.equator-network.org\/\">http:\/\/www.equator-network.org\/<\/a>) para garantizar la calidad de las publicaciones cient\u00edficas, su transparencia, integridad y debida salvaguarda de los principios \u00e9ticos que rigen la investigaci\u00f3n.<\/p>\n<h3><strong>Proceso de evaluaci\u00f3n por pares<\/strong><\/h3>\n<p>Todos los manuscritos\u00a0recibidos en\u00a0la\u00a0<strong>Revista ACCB <\/strong>son sometidos a evaluaci\u00f3n o revisi\u00f3n en el sistema doble ciego, para que la selecci\u00f3n de los mismos cumpla con los criterios exigidos de calidad e impacto para la comunidad cient\u00edfica, profesional y acad\u00e9mica a la que se dirige esta publicaci\u00f3n.<\/p>\n<p>La evaluaci\u00f3n cumple los siguientes pasos: primero: se llevar\u00e1 a cabo una revisi\u00f3n del art\u00edculo por parte del Comit\u00e9 Editorial para valorar el cumplimiento de su pol\u00edtica editorial y su traslado al siguiente paso. Segundo: una vez aceptado el art\u00edculo en esta primera fase, pasa a ser evaluado de forma an\u00f3nima por dos revisores externos. En el caso de que uno de los evaluadores lo repruebe y otro no, se enviar\u00e1 a un tercer evaluador. Todos los evaluadores cuentan con unos criterios de valoraci\u00f3n p\u00fablicos <strong>(<\/strong><a href=\"https:\/\/revistas.unisucre.edu.co\/index.php\/recia\/manager\/files\/formato_evaluacion.pdf\"><strong>Formato de Evaluaci\u00f3n<\/strong><\/a><strong>) dispuestos en la plataforma de la Revista ACCB<\/strong>. La aceptaci\u00f3n o rechazo de cada trabajo se basar\u00e1 en las evaluaciones y se comunicar\u00e1 a los autores.<\/p>\n<p><strong>Confidencialidad:<\/strong>\u00a0Todos documentos sometidos a evaluaci\u00f3n son informaci\u00f3n confidencial, por lo que los evaluadores deben abstenerse de divulgarlos en forma alguna, o de usar la informaci\u00f3n contenida en el texto para beneficio propio o de terceros.<\/p>\n<p><strong>Conflicto de intereses:<\/strong>\u00a0Los evaluadores tienen el deber \u00e9tico de rechazar la solicitud de evaluaci\u00f3n de trabajos con los que, directa o indirectamente, hayan colaborado o pudieran haber sido competidores.<\/p>\n<p>Adem\u00e1s de la existencia de conflicto de intereses, el revisor\/a implicado\/a en un proceso editorial deber\u00e1 poner en conocimiento del Comit\u00e9 Editorial cualquiera de estas circunstancias:<\/p>\n<ul>\n<li class=\"show\">Insuficiente conocimiento y\/o experiencia en la tem\u00e1tica concreta del manuscrito, o la existencia de revisores m\u00e1s cualificados para llevar a cabo la evaluaci\u00f3n del mismo.<\/li>\n<li class=\"show\">Plagio o fraude: Si sospecha que un art\u00edculo es una copia sustancial de otra obra, o que los datos reflejados en el texto y\/o los resultados del mismo han sido plagiados, inventados o falseados.<\/li>\n<\/ul>\n<p><strong>\u00a0<\/strong><\/p>\n<h3><strong>Pasos y plazos del proceso de evaluaci\u00f3n<\/strong>:<\/h3>\n<p>La comunicaci\u00f3n entre evaluadores y la editorial se realiza a trav\u00e9s de correo electr\u00f3nico del autor de correspondencia. Recibido el manuscrito en su correo-e la invitaci\u00f3n editorial, cada evaluador\/a dispondr\u00e1 de un m\u00e1ximo de 5 d\u00edas para aceptar o rechazar la solicitud de revisi\u00f3n.<\/p>\n<p>Los\/las evaluadores\/as emitir\u00e1n su informe y recomendaciones en el plazo de 20 d\u00edas desde la fecha de solicitud. Adem\u00e1s del diligenciamiento del formato de evaluaci\u00f3n los\/las revisores\/as podr\u00e1n adjuntar un documento propio con las anotaciones o comentarios que consideren oportunos.<\/p>\n<p>La recomendaci\u00f3n final del evaluador habr\u00e1 de estar en sinton\u00eda con las observaciones redactadas en su evaluaci\u00f3n cualitativa.<\/p>\n<p>La evaluaci\u00f3n puede tener los siguientes resultados:<\/p>\n<p><strong>Aceptado.<\/strong> Un manuscrito resulta aprobado si el resultado de dos evaluaciones ciegas por pares es positivo. Est\u00e1 puede ser adem\u00e1s aceptada con o sin modificaciones.<\/p>\n<p><strong>No aceptado.<\/strong> Un manuscrito es rechazado si los resultados de dos evaluaciones ciegas por pares en negativo.<\/p>\n<p><strong>Aceptado con modificaciones.<\/strong> El resultado de la evaluaci\u00f3n requiere modificaciones del contenido, que el\/los autor\/es deber\u00e1\/n aplicar al texto como paso previo a la finalizaci\u00f3n del proceso de revisi\u00f3n y para que el manuscrito modificado sea definitivamente aceptado.<\/p>\n<p>Al momento de enviar la versi\u00f3n ajustada los autores deben dar una explicaci\u00f3n pormenorizada de los cambios efectuados para acatar las recomendaciones. Si est\u00e1n en desacuerdo con alguna de ellas, deben explicar en detalle los motivos.<\/p>\n<p>Toda decisi\u00f3n tomada sobre el manuscrito se comunica al autor de correspondencia con la mayor rapidez posible. El plazo depende de la complejidad del tema y de la disponibilidad de revisores expertos.<\/p>\n<p>Una vez realizado este proceso, la Revista ACCB comunica al autor la aceptaci\u00f3n del art\u00edculo e inicia el procesamiento del texto para su publicaci\u00f3n. En caso de rechazo del art\u00edculo, se notifican al autor los motivos expuestos por los pares evaluadores que impiden la publicaci\u00f3n del manuscrito.<\/p>\n<p>La <strong>Revista de la A ACCB<\/strong> se reserva el derecho de aceptar o rechazar los trabajos de acuerdo con las recomendaciones del Comit\u00e9 Editorial y con la opini\u00f3n de los pares, as\u00ed como de proponer la revisi\u00f3n y cambios editoriales que considere necesarios. La recepci\u00f3n de art\u00edculos no implica la obligaci\u00f3n de publicarlos.<\/p>\n<h3>Frecuencia de publicaci\u00f3n<\/h3>\n<p>Periodicidad. anual<\/p>\n<h3>Pol\u00edtica de acceso abierto<\/h3>\n<p>Esta revista proporciona un acceso abierto a su contenido, basado en el principio de que ofrecer al p\u00fablico un acceso libre a las investigaciones ayuda a un mayor intercambio global del conocimiento.\u00a0Se permite distribuir los diversos art\u00edculos en las versiones pre-print, post-print y oficial, sin previo permiso del autor o editor, siempre y cuando no sea con fines comerciales, ni la generaci\u00f3n de obras derivadas; Solo se solicita la menci\u00f3n de la fuente, as\u00ed como la autor\u00eda de la obra.<\/p>\n<h3>Declaraci\u00f3n \u00e9tica y buenas pr\u00e1cticas<\/h3>\n<p>La <strong>Revista de la ACCB<\/strong>, considera que es deber de toda revista velar por la difusi\u00f3n y transferencia del conocimiento de esta forma se compromete con la comunidad cient\u00edfica para garantizar la \u00e9tica y calidad de los art\u00edculos a publicar. De acuerdo a esto la Revista tiene como referencia el <a href=\"https:\/\/publicationethics.org\/files\/Code_of_conduct_for_journal_editors.pdf\">C\u00f3digo de conducta<\/a> y buenas pr\u00e1cticas del Comit\u00e9 de \u00c9tica en Publicaciones (<a href=\"https:\/\/publicationethics.org\/files\/Spanish%20%281%29.pdf\">COPE Committee on Publication Ethics<\/a>). El Comit\u00e9 Editorial se compromete a publicar las correcciones, aclaraciones, retracciones y disculpas cuando sea preciso.<\/p>\n<p>Los Autores deben garantizar que sus art\u00edculos y todo su contenido son originales y que no ha sido presentado ni publicado con anterioridad en otra revista. Deben presentan sus manuscritos teniendo en cuenta las normas de la revista. La revista espera que todos sus autores hayan contribuido de manera significativa en la investigaci\u00f3n remitida para su evaluaci\u00f3n, todos los autores est\u00e1n obligados a realizar cambios o correcciones de errores.<\/p>\n<p>La revista somete a revisi\u00f3n todos los art\u00edculos en cuanto a plagio y autoplagio, de esta forma los textos identificados con pr\u00e1cticas deshonestas ser\u00e1n eliminados de la revista est\u00e9n publicados o no y sus autores ser\u00e1n vetados de manera permanente. Al aceptar los t\u00e9rminos y condiciones expresados, los autores aceptar\u00e1n, de la misma forma y sin apelaci\u00f3n, la sanci\u00f3n impuesta por la revista de la ACCB.<\/p>\n<p>Los editores de la revista asumen la total responsabilidad y la autoridad para rechazar o aceptar un art\u00edculo. Los editores confirman que no tienen ning\u00fan conflicto de intereses con los art\u00edculos que rechazan\/aceptan, que s\u00f3lo aceptar\u00e1n un art\u00edculo cuando tengan la certeza de su autenticidad. Si se encontrasen errores, los editores alentar\u00e1n la publicaci\u00f3n de la correcci\u00f3n o retractaciones, preservando el anonimato de los colaboradores<\/p>\n<h3>Antiplagio<\/h3>\n<p>La <strong>Revista de la ACCB<\/strong> mantiene una pol\u00edtica antiplagio, por esta raz\u00f3n todos los art\u00edculos presentados a la revista, ser\u00e1n sometidos a verificaci\u00f3n con una herramienta antiplagio. La decisi\u00f3n de si un manuscrito debe o no ser rechazado debido a fraude recae en el editor.<\/p>\n<h3>Costos<\/h3>\n<p>La <strong>Revista de la ACCB<\/strong>,\u00a0no cobra por el sometimiento de los art\u00edculos, como tampoco por la publicaci\u00f3n de los mismos a los autores.<\/p>\n<h3>Sponsors<\/h3>\n<p><strong>Asociaci\u00f3n Colombiana de Ciencias Biol\u00f3gicas<\/strong><\/p>\n<p><strong>Contacto:<br \/>\n<\/strong><\/p>\n<p><strong>Correo:<\/strong><\/p>\n<p><strong>Direcci\u00f3n f\u00edsica<\/strong><\/p>\n<p>Horario de Atenci\u00f3n:<\/p>\n<p><strong>\u00a0<\/strong><\/p>\n<p><strong>\u00a0Lista de comprobaci\u00f3n para la preparaci\u00f3n de env\u00edos<\/strong><\/p>\n<p>Como parte del proceso de env\u00edo, los autores\/as est\u00e1n obligados a comprobar que su env\u00edo cumpla todos los elementos que se muestran a continuaci\u00f3n. Se devolver\u00e1n a los autores\/as aquellos env\u00edos que no cumplan estas directrices.<\/p>\n<ul>\n<li class=\"show\">\u00bfEl art\u00edculo es original del (los) autores?<\/li>\n<li class=\"show\">\u00bfHa sido enviado a otra Revista?<\/li>\n<li class=\"show\">Siempre que sea posible, se proporcionan direcciones URL para las referencias o DOI<\/li>\n<li class=\"show\">El art\u00edculo ha sido enviado en formato Microsoft Word, Letra Times New Roman, tama\u00f1o 12, espacio sencillo, sin sangr\u00eda y a una sola columna.<\/li>\n<li class=\"show\">El trabajo a enviar cumple con las especificaciones dadas en Indicaciones a los autores.<\/li>\n<li class=\"show\">Se utilizaron las Normas Vancouver para elaborar las referencias bibliogr\u00e1ficas.<\/li>\n<\/ul>\n<\/div>\n[\/vc_column_text]<div class=\"themestek-boxes themestek-boxes-team themestek-boxes-view-default themestek-boxes-col-four themestek-boxes-sortable-no themestek-boxes-textalign-center themestek-boxes-sortablebutton-\">\r\n\t\t<div class=\"themestek-boxes-inner themestek-boxes-team-inner \"><\/div><!-- .themestek-boxes-inner -->   <\/div><!-- .themestek-boxes -->  [\/vc_column][\/vc_row]\n<\/div>","protected":false},"excerpt":{"rendered":"<p>[vc_row full_width=\u00bbstretch_row\u00bb][vc_column ts_col_bg_expand=\u00bbleft\u00bb][vc_column_text] La Revista de la Asociaci\u00f3n Colombiana de Ciencias Biol\u00f3gicas (revista ACCB), es una publicaci\u00f3n cient\u00edfica Internacional; publica art\u00edculos originales in\u00e9ditos, revisi\u00f3n de temas, estudios de casos y comunicaciones breves, en las \u00e1reas de las ciencias biol\u00f3gicas, con especial \u00e9nfasis en: biolog\u00eda animal, biolog\u00eda vegetal, ciencias ambientales y desarrollo sostenible, ciencias agropecuarias, ciencias &hellip; <a href=\"https:\/\/www.revistaaccb.org\/w\/politicas\/\" class=\"more-link\">Continue reading <span class=\"screen-reader-text\">Pol\u00edticas<\/span><\/a><\/p>\n","protected":false},"author":1,"featured_media":0,"parent":0,"menu_order":8,"comment_status":"closed","ping_status":"closed","template":"","meta":{"_joinchat":[],"footnotes":""},"class_list":["post-6691","page","type-page","status-publish","hentry"],"featured_image_src":null,"_links":{"self":[{"href":"https:\/\/www.revistaaccb.org\/w\/wp-json\/wp\/v2\/pages\/6691","targetHints":{"allow":["GET"]}}],"collection":[{"href":"https:\/\/www.revistaaccb.org\/w\/wp-json\/wp\/v2\/pages"}],"about":[{"href":"https:\/\/www.revistaaccb.org\/w\/wp-json\/wp\/v2\/types\/page"}],"author":[{"embeddable":true,"href":"https:\/\/www.revistaaccb.org\/w\/wp-json\/wp\/v2\/users\/1"}],"replies":[{"embeddable":true,"href":"https:\/\/www.revistaaccb.org\/w\/wp-json\/wp\/v2\/comments?post=6691"}],"version-history":[{"count":6,"href":"https:\/\/www.revistaaccb.org\/w\/wp-json\/wp\/v2\/pages\/6691\/revisions"}],"predecessor-version":[{"id":7689,"href":"https:\/\/www.revistaaccb.org\/w\/wp-json\/wp\/v2\/pages\/6691\/revisions\/7689"}],"wp:attachment":[{"href":"https:\/\/www.revistaaccb.org\/w\/wp-json\/wp\/v2\/media?parent=6691"}],"curies":[{"name":"wp","href":"https:\/\/api.w.org\/{rel}","templated":true}]}}